{"id":823,"date":"2025-06-07T11:51:22","date_gmt":"2025-06-07T11:51:22","guid":{"rendered":"https:\/\/www.afrikaansevrienden.nl\/?page_id=823"},"modified":"2025-07-09T17:45:33","modified_gmt":"2025-07-09T17:45:33","slug":"dagelijks-bestuur","status":"publish","type":"page","link":"https:\/\/www.afrikaansevrienden.nl\/en\/dagelijks-bestuur\/","title":{"rendered":"Daily management"},"content":{"rendered":"<p>[et_pb_section fb_built=&#8221;1&#8243; admin_label=&#8221;Header&#8221; _builder_version=&#8221;4.16&#8243; background_color=&#8221;#f7f9f9&#8243; background_image=&#8221;https:\/\/www.afrikaansevrienden.nl\/wp-content\/uploads\/2025\/04\/charity-09.png&#8221; parallax=&#8221;on&#8221; collapsed=&#8221;off&#8221; global_colors_info=&#8221;{}&#8221;][et_pb_row column_structure=&#8221;1_2,1_2&#8243; _builder_version=&#8221;4.27.4&#8243; global_colors_info=&#8221;{}&#8221;][et_pb_column type=&#8221;1_2&#8243; _builder_version=&#8221;4.27.4&#8243; custom_padding=&#8221;|||&#8221; custom_padding_tablet=&#8221;0px||&#8221; custom_padding_last_edited=&#8221;off|desktop&#8221; global_colors_info=&#8221;{}&#8221; custom_padding__hover=&#8221;|||&#8221;][et_pb_text _builder_version=&#8221;4.27.4&#8243; _module_preset=&#8221;b59e0d37-6ede-4e60-83da-ee8b505cab7d&#8221; text_font=&#8221;||||||||&#8221; text_line_height=&#8221;2em&#8221; header_font=&#8221;Faustina|600|||||||&#8221; header_text_color=&#8221;#0e7162&#8243; header_font_size=&#8221;60px&#8221; header_line_height=&#8221;1.3em&#8221; header_font_size_tablet=&#8221;50px&#8221; header_font_size_phone=&#8221;40px&#8221; header_font_size_last_edited=&#8221;on|phone&#8221; global_colors_info=&#8221;{}&#8221;]<\/p>\n<h2>Dagelijks bestuur<\/h2>\n<p>[\/et_pb_text][et_pb_text _builder_version=&#8221;4.27.4&#8243; text_font=&#8221;||||||||&#8221; text_line_height=&#8221;2em&#8221; header_font=&#8221;Faustina||||||||&#8221; header_text_color=&#8221;#0e7162&#8243; header_font_size=&#8221;60px&#8221; header_line_height=&#8221;1.3em&#8221; global_colors_info=&#8221;{}&#8221;]<\/p>\n<p>Het dagelijks bestuur van Stichting Afrikaanse Vrienden speelt een essenti\u00eble rol in het realiseren van de doelstellingen van de stichting. Het bestuur is verantwoordelijk voor het toezicht op de strategische richting, de financi\u00eble gezondheid en de uitvoering van de projecten. Zij zorgen ervoor dat de missie van de stichting, namelijk het bevorderen van de ontwikkeling en het welzijn van de Afrikaanse bevolking, op een duurzame en effici\u00ebnte manier wordt nageleefd. Met hun ervaring, toewijding en kennis dragen zij bij aan het succes van de stichting. We stellen ze hieronder aan u voor.\u00a0<\/p>\n<p>[\/et_pb_text][\/et_pb_column][et_pb_column type=&#8221;1_2&#8243; _builder_version=&#8221;4.16&#8243; custom_padding=&#8221;|||&#8221; global_colors_info=&#8221;{}&#8221; custom_padding__hover=&#8221;|||&#8221;][et_pb_image src=&#8221;https:\/\/www.afrikaansevrienden.nl\/wp-content\/uploads\/2025\/04\/2025-04-04-01_58_09-Jaarverslag-2024-Stichting-Afrikaanse-Vrienden.pdf-Adobe-Acrobat-Pro-64-bit-1.png&#8221; title_text=&#8221;2025-04-04 01_58_09-Jaarverslag 2024 Stichting Afrikaanse Vrienden.pdf &#8211; Adobe Acrobat Pro (64-bit)&#8221; _builder_version=&#8221;4.27.4&#8243; _module_preset=&#8221;0d4005ab-8fd6-428a-9dda-898ab740e691&#8243; global_colors_info=&#8221;{}&#8221;][\/et_pb_image][\/et_pb_column][\/et_pb_row][et_pb_row _builder_version=&#8221;4.27.4&#8243; _module_preset=&#8221;default&#8221; global_colors_info=&#8221;{}&#8221;][et_pb_column type=&#8221;4_4&#8243; _builder_version=&#8221;4.27.4&#8243; _module_preset=&#8221;default&#8221; global_colors_info=&#8221;{}&#8221;][et_pb_button button_url=&#8221;https:\/\/www.afrikaansevrienden.nl\/donation&#8221; button_text=&#8221;DONEER&#8221; _builder_version=&#8221;4.27.4&#8243; _module_preset=&#8221;87caade9-c26b-47d0-a34f-b4baedd5f436&#8243; global_colors_info=&#8221;{}&#8221;][\/et_pb_button][\/et_pb_column][\/et_pb_row][et_pb_row _builder_version=&#8221;4.27.4&#8243; _module_preset=&#8221;default&#8221; global_colors_info=&#8221;{}&#8221;][et_pb_column type=&#8221;4_4&#8243; _builder_version=&#8221;4.27.4&#8243; _module_preset=&#8221;default&#8221; global_colors_info=&#8221;{}&#8221;][et_pb_team_member name=&#8221;Joost Timpers&#8221; position=&#8221;Bestuurslid&#8221; image_url=&#8221;https:\/\/www.afrikaansevrienden.nl\/wp-content\/uploads\/2025\/07\/2025-07-41-43-jaarverslag-2020-stichting-afrikaanse-vrienden.pdf.png&#8221; _builder_version=&#8221;4.27.4&#8243; _module_preset=&#8221;default&#8221; global_colors_info=&#8221;{}&#8221;]<\/p>\n<p>In Afrika kunnen h\u00e9\u00e9l veel mensen hulp gebruiken. Maar h\u00e9\u00e9l Afrika helpen, dat lukt ons niet. Vriendschap is gekozen als uitgangspunt voor ontwikkelingssamenwerking . Omdat wij merken dat vertrouwen en vriendschap de kans vergroot op duurzame ontwikkeling. Daarom hebben we persoonlijk contact met onze projecten in Afrika. Elk jaar gaan we naar Afrika om de projecten te bekijken en om weer nieuwe projecten op te starten. Deze samenwerking geeft kansloze mensen in Afrika een hoopvolle toekomst en ons inspiratie en voldoening. Win-Win dus! Vandaar de naam van de stichting: Afrikaanse Vrienden<\/p>\n<p>[\/et_pb_team_member][\/et_pb_column][\/et_pb_row][et_pb_row _builder_version=&#8221;4.27.4&#8243; _module_preset=&#8221;default&#8221; global_colors_info=&#8221;{}&#8221;][et_pb_column type=&#8221;4_4&#8243; _builder_version=&#8221;4.27.4&#8243; _module_preset=&#8221;default&#8221; global_colors_info=&#8221;{}&#8221;][et_pb_team_member name=&#8221;Christelien de Goede-Timpers&#8221; position=&#8221;Bestuurslid&#8221; image_url=&#8221;https:\/\/www.afrikaansevrienden.nl\/wp-content\/uploads\/2025\/07\/2025-07-43-03-jaarverslag-2020-stichting-afrikaanse-vrienden.pdf.png&#8221; _builder_version=&#8221;4.27.4&#8243; _module_preset=&#8221;default&#8221; global_colors_info=&#8221;{}&#8221;]<\/p>\n<p>Hallo, sinds dit jaar ben ik nieuw in het bestuur van de Stichting Afrikaanse vrienden. Mijn naam is Christelien de Goede-Timpers en ik draag het weeshuis al jaren een warm hart toe. Ik ben trots dat ik nu meer kan betekenen dan sponsor zijn. Samen met Pieter wil ik Joost ondersteunen in het verbeteren van de kansen van de kinderen in het Ruiru Children Care Centre. Naast mijn werk als adviseur voor de FNV volg ik de opleiding tot verpleegkundige. Met mijn man, schoonmoeder, twee zonen, een hond en een heleboel kippen woon ik in Wamel, in het Land van Maas en Waal.<\/p>\n<p>[\/et_pb_team_member][et_pb_team_member name=&#8221;Pieter Niesten&#8221; position=&#8221;Bestuurslid&#8221; image_url=&#8221;https:\/\/www.afrikaansevrienden.nl\/wp-content\/uploads\/2025\/07\/2025-07-jaarverslag-2020-stichting-afrikaanse-vrienden.pdf.png&#8221; _builder_version=&#8221;4.27.4&#8243; _module_preset=&#8221;default&#8221; global_colors_info=&#8221;{}&#8221;]<\/p>\n<p>Bij mijn eerste bezoek aan Kenia heb ik samen met Joost het RCCC bezocht. Dat was een indrukwekkende ervaring. Een paar jaar later hebben we (samen met Gerrie mijn vrouw) nog een keer een bezoek gebracht. Gerrie en ik waren erg onder de indruk om te zien wat kleine bijdragen en geschenken aan vreugde en dankbaarheid bij de bewoners van het weeshuis RCCC op leveren. Daarom werk ik graag met Joost mee in de Stichting Afrikaanse Vrienden.<\/p>\n<p>[\/et_pb_team_member][\/et_pb_column][\/et_pb_row][\/et_pb_section][et_pb_section fb_built=&#8221;1&#8243; admin_label=&#8221;Blog&#8221; _builder_version=&#8221;4.16&#8243; background_color=&#8221;#f7f9f9&#8243; background_image=&#8221;https:\/\/www.afrikaansevrienden.nl\/wp-content\/uploads\/2025\/04\/charity-22.png&#8221; background_size=&#8221;contain&#8221; background_position=&#8221;bottom_right&#8221; custom_padding=&#8221;0|1px|140px|0px|false|false&#8221; use_custom_width=&#8221;on&#8221; custom_width_px=&#8221;1200px&#8221; custom_width_px__hover=&#8221;1080px&#8221; custom_width_px__hover_enabled=&#8221;1080px&#8221; custom_width_percent__hover=&#8221;80%&#8221; custom_width_percent__hover_enabled=&#8221;80%&#8221; collapsed=&#8221;off&#8221; global_colors_info=&#8221;{}&#8221; gutter_width__hover=&#8221;3&#8243; gutter_width__hover_enabled=&#8221;3&#8243; parallax_1__hover=&#8221;off&#8221; parallax_1__hover_enabled=&#8221;off&#8221; parallax_2__hover=&#8221;off&#8221; parallax_2__hover_enabled=&#8221;off&#8221; parallax_3__hover=&#8221;off&#8221; parallax_3__hover_enabled=&#8221;off&#8221; parallax_method_1__hover=&#8221;on&#8221; parallax_method_1__hover_enabled=&#8221;on&#8221; parallax_method_2__hover=&#8221;on&#8221; parallax_method_2__hover_enabled=&#8221;on&#8221; parallax_method_3__hover=&#8221;on&#8221; parallax_method_3__hover_enabled=&#8221;on&#8221; use_background_color_gradient__hover=&#8221;off&#8221; use_background_color_gradient__hover_enabled=&#8221;off&#8221; background_color_gradient_start__hover=&#8221;#2b87da&#8221; background_color_gradient_start__hover_enabled=&#8221;#2b87da&#8221; background_color_gradient_end__hover=&#8221;#29c4a9&#8243; background_color_gradient_end__hover_enabled=&#8221;#29c4a9&#8243; background_color_gradient_type__hover=&#8221;linear&#8221; background_color_gradient_type__hover_enabled=&#8221;linear&#8221; background_color_gradient_direction__hover=&#8221;180deg&#8221; background_color_gradient_direction__hover_enabled=&#8221;180deg&#8221; background_color_gradient_direction_radial__hover=&#8221;center&#8221; background_color_gradient_direction_radial__hover_enabled=&#8221;center&#8221; background_color_gradient_start_position__hover=&#8221;0%&#8221; background_color_gradient_start_position__hover_enabled=&#8221;0%&#8221; background_color_gradient_end_position__hover=&#8221;100%&#8221; background_color_gradient_end_position__hover_enabled=&#8221;100%&#8221; background_color_gradient_overlays_image__hover=&#8221;off&#8221; background_color_gradient_overlays_image__hover_enabled=&#8221;off&#8221; parallax__hover=&#8221;off&#8221; parallax__hover_enabled=&#8221;off&#8221; parallax_method__hover=&#8221;on&#8221; parallax_method__hover_enabled=&#8221;on&#8221; background_size__hover=&#8221;cover&#8221; background_size__hover_enabled=&#8221;cover&#8221; background_position__hover=&#8221;center&#8221; background_position__hover_enabled=&#8221;center&#8221; background_repeat__hover=&#8221;no-repeat&#8221; background_repeat__hover_enabled=&#8221;no-repeat&#8221; background_blend__hover=&#8221;normal&#8221; background_blend__hover_enabled=&#8221;normal&#8221; allow_player_pause__hover=&#8221;off&#8221; allow_player_pause__hover_enabled=&#8221;off&#8221; background_video_pause_outside_viewport__hover=&#8221;on&#8221; background_video_pause_outside_viewport__hover_enabled=&#8221;on&#8221; inner_shadow__hover=&#8221;off&#8221; inner_shadow__hover_enabled=&#8221;off&#8221; make_fullwidth__hover=&#8221;off&#8221; make_fullwidth__hover_enabled=&#8221;off&#8221; use_custom_width__hover=&#8221;off&#8221; use_custom_width__hover_enabled=&#8221;off&#8221; width_unit__hover=&#8221;on&#8221; width_unit__hover_enabled=&#8221;on&#8221; make_equal__hover=&#8221;off&#8221; make_equal__hover_enabled=&#8221;off&#8221; use_custom_gutter__hover=&#8221;off&#8221; use_custom_gutter__hover_enabled=&#8221;off&#8221; border_radii__hover=&#8221;on||||&#8221; border_radii__hover_enabled=&#8221;on||||&#8221; box_shadow_style__hover=&#8221;none&#8221; box_shadow_style__hover_enabled=&#8221;none&#8221; box_shadow_color__hover=&#8221;rgba(0,0,0,0.3)&#8221; box_shadow_color__hover_enabled=&#8221;rgba(0,0,0,0.3)&#8221; max_width__hover=&#8221;100%&#8221; max_width__hover_enabled=&#8221;100%&#8221; filter_hue_rotate__hover=&#8221;0deg&#8221; filter_hue_rotate__hover_enabled=&#8221;0deg&#8221; filter_saturate__hover=&#8221;100%&#8221; filter_saturate__hover_enabled=&#8221;100%&#8221; filter_brightness__hover=&#8221;100%&#8221; filter_brightness__hover_enabled=&#8221;100%&#8221; filter_contrast__hover=&#8221;100%&#8221; filter_contrast__hover_enabled=&#8221;100%&#8221; filter_invert__hover=&#8221;0%&#8221; filter_invert__hover_enabled=&#8221;0%&#8221; filter_sepia__hover=&#8221;0%&#8221; filter_sepia__hover_enabled=&#8221;0%&#8221; filter_opacity__hover=&#8221;100%&#8221; filter_opacity__hover_enabled=&#8221;100%&#8221; filter_blur__hover=&#8221;0px&#8221; filter_blur__hover_enabled=&#8221;0px&#8221; mix_blend_mode__hover=&#8221;normal&#8221; mix_blend_mode__hover_enabled=&#8221;normal&#8221; animation_style__hover=&#8221;none&#8221; animation_style__hover_enabled=&#8221;none&#8221; animation_repeat__hover=&#8221;once&#8221; animation_repeat__hover_enabled=&#8221;once&#8221; animation_direction__hover=&#8221;center&#8221; animation_direction__hover_enabled=&#8221;center&#8221; animation_duration__hover=&#8221;1000ms&#8221; animation_duration__hover_enabled=&#8221;1000ms&#8221; animation_delay__hover=&#8221;0ms&#8221; animation_delay__hover_enabled=&#8221;0ms&#8221; animation_intensity_slide__hover=&#8221;50%&#8221; animation_intensity_slide__hover_enabled=&#8221;50%&#8221; animation_intensity_zoom__hover=&#8221;50%&#8221; animation_intensity_zoom__hover_enabled=&#8221;50%&#8221; animation_intensity_flip__hover=&#8221;50%&#8221; animation_intensity_flip__hover_enabled=&#8221;50%&#8221; animation_intensity_fold__hover=&#8221;50%&#8221; animation_intensity_fold__hover_enabled=&#8221;50%&#8221; animation_intensity_roll__hover=&#8221;50%&#8221; animation_intensity_roll__hover_enabled=&#8221;50%&#8221; animation_starting_opacity__hover=&#8221;0%&#8221; animation_starting_opacity__hover_enabled=&#8221;0%&#8221; animation_speed_curve__hover=&#8221;ease-in-out&#8221; animation_speed_curve__hover_enabled=&#8221;ease-in-out&#8221; hover_transition_duration__hover=&#8221;300ms&#8221; hover_transition_duration__hover_enabled=&#8221;300ms&#8221; hover_transition_delay__hover=&#8221;0ms&#8221; hover_transition_delay__hover_enabled=&#8221;0ms&#8221; hover_transition_speed_curve__hover=&#8221;ease&#8221; hover_transition_speed_curve__hover_enabled=&#8221;ease&#8221; inner_max_width__hover=&#8221;1080px&#8221; inner_max_width__hover_enabled=&#8221;1080px&#8221; background_color_gradient_stops__hover=&#8221;#2b87da 0%|#29c4a9 100%&#8221;][et_pb_row custom_padding_last_edited=&#8221;on|phone&#8221; _builder_version=&#8221;4.16&#8243; background_color=&#8221;#ffffff&#8221; max_width=&#8221;1200px&#8221; custom_padding=&#8221;60px|80px|60px|80px|false|true&#8221; custom_padding_tablet=&#8221;&#8221; custom_padding_phone=&#8221;|30px||30px||true&#8221; box_shadow_style=&#8221;preset3&#8243; box_shadow_vertical=&#8221;40px&#8221; box_shadow_blur=&#8221;100px&#8221; box_shadow_spread=&#8221;-30px&#8221; box_shadow_color=&#8221;rgba(0,0,0,0.22)&#8221; use_custom_width=&#8221;on&#8221; custom_width_px=&#8221;1200px&#8221; global_colors_info=&#8221;{}&#8221;][et_pb_column type=&#8221;4_4&#8243; _builder_version=&#8221;4.16&#8243; custom_padding=&#8221;|||&#8221; global_colors_info=&#8221;{}&#8221; custom_padding__hover=&#8221;|||&#8221;][et_pb_post_slider include_categories=&#8221;6&#8243; use_manual_excerpt=&#8221;off&#8221; show_meta=&#8221;off&#8221; use_text_overlay=&#8221;on&#8221; text_border_radius=&#8221;23px&#8221; _builder_version=&#8221;4.27.4&#8243; header_font=&#8221;Faustina|600|||||||&#8221; header_font_size=&#8221;26px&#8221; header_line_height=&#8221;1.2em&#8221; body_font_size=&#8221;14px&#8221; body_line_height=&#8221;2em&#8221; meta_font=&#8221;|600|||||||&#8221; meta_line_height=&#8221;3em&#8221; custom_button=&#8221;on&#8221; button_text_size=&#8221;14px&#8221; button_text_color=&#8221;gcid-heading-color&#8221; button_bg_color=&#8221;gcid-secondary-color&#8221; button_border_width=&#8221;8px&#8221; button_border_color=&#8221;rgba(0,0,0,0)&#8221; button_letter_spacing=&#8221;1px&#8221; button_font=&#8221;|700||on|||||&#8221; custom_margin=&#8221;|-100px|60px|-100px||true&#8221; custom_margin_tablet=&#8221;&#8221; custom_margin_phone=&#8221;|-50px||-50px||true&#8221; custom_margin_last_edited=&#8221;on|phone&#8221; header_font_size_tablet=&#8221;22px&#8221; header_font_size_phone=&#8221;18px&#8221; header_font_size_last_edited=&#8221;on|tablet&#8221; global_colors_info=&#8221;{%22gcid-heading-color%22:%91%22button_text_color%22%93,%22gcid-secondary-color%22:%91%22button_bg_color%22%93}&#8221;][\/et_pb_post_slider][et_pb_blog fullwidth=&#8221;off&#8221; posts_number=&#8221;12&#8243; include_categories=&#8221;all&#8221; use_manual_excerpt=&#8221;off&#8221; show_author=&#8221;off&#8221; show_date=&#8221;off&#8221; show_categories=&#8221;off&#8221; _builder_version=&#8221;4.27.4&#8243; header_level=&#8221;h3&#8243; header_font=&#8221;Faustina||||||||&#8221; header_text_color=&#8221;#0e7162&#8243; header_line_height=&#8221;1.4em&#8221; body_line_height=&#8221;2em&#8221; meta_text_color=&#8221;#26c699&#8243; meta_line_height=&#8221;2em&#8221; pagination_font=&#8221;Faustina|600|||||||&#8221; pagination_text_color=&#8221;#0e7162&#8243; pagination_font_size=&#8221;20px&#8221; pagination_line_height=&#8221;2em&#8221; border_width_all=&#8221;0px&#8221; box_shadow_style=&#8221;preset3&#8243; box_shadow_vertical=&#8221;40px&#8221; box_shadow_blur=&#8221;80px&#8221; box_shadow_spread=&#8221;-30px&#8221; box_shadow_color=&#8221;rgba(0,0,0,0.22)&#8221; locked=&#8221;off&#8221; global_colors_info=&#8221;{}&#8221;][\/et_pb_blog][\/et_pb_column][\/et_pb_row][\/et_pb_section]<\/p>\n","protected":false},"excerpt":{"rendered":"<p>Dagelijks bestuurHet dagelijks bestuur van Stichting Afrikaanse Vrienden speelt een essenti\u00eble rol in het realiseren van de doelstellingen van de stichting. Het bestuur is verantwoordelijk voor het toezicht op de strategische richting, de financi\u00eble gezondheid en de uitvoering van de projecten. Zij zorgen ervoor dat de missie van de stichting, namelijk het bevorderen van de [&hellip;]<\/p>\n","protected":false},"author":1,"featured_media":0,"parent":0,"menu_order":0,"comment_status":"closed","ping_status":"closed","template":"","meta":{"_et_pb_use_builder":"on","_et_pb_old_content":"","_et_gb_content_width":"","footnotes":""},"class_list":["post-823","page","type-page","status-publish","hentry"],"_links":{"self":[{"href":"https:\/\/www.afrikaansevrienden.nl\/en\/wp-json\/wp\/v2\/pages\/823","targetHints":{"allow":["GET"]}}],"collection":[{"href":"https:\/\/www.afrikaansevrienden.nl\/en\/wp-json\/wp\/v2\/pages"}],"about":[{"href":"https:\/\/www.afrikaansevrienden.nl\/en\/wp-json\/wp\/v2\/types\/page"}],"author":[{"embeddable":true,"href":"https:\/\/www.afrikaansevrienden.nl\/en\/wp-json\/wp\/v2\/users\/1"}],"replies":[{"embeddable":true,"href":"https:\/\/www.afrikaansevrienden.nl\/en\/wp-json\/wp\/v2\/comments?post=823"}],"version-history":[{"count":8,"href":"https:\/\/www.afrikaansevrienden.nl\/en\/wp-json\/wp\/v2\/pages\/823\/revisions"}],"predecessor-version":[{"id":884,"href":"https:\/\/www.afrikaansevrienden.nl\/en\/wp-json\/wp\/v2\/pages\/823\/revisions\/884"}],"wp:attachment":[{"href":"https:\/\/www.afrikaansevrienden.nl\/en\/wp-json\/wp\/v2\/media?parent=823"}],"curies":[{"name":"wp","href":"https:\/\/api.w.org\/{rel}","templated":true}]}}